{"id":385022,"date":"2023-12-26T17:40:45","date_gmt":"2023-12-26T16:40:45","guid":{"rendered":"https:\/\/www.citedelamer.com\/?page_id=385022"},"modified":"2026-03-27T10:20:11","modified_gmt":"2026-03-27T09:20:11","slug":"oeffnungszeiten-preise","status":"publish","type":"page","link":"https:\/\/www.citedelamer.com\/de\/praktische-informationen\/oeffnungszeiten-preise\/","title":{"rendered":"\u00d6ffnungszeiten und preise"},"content":{"rendered":"","protected":false},"excerpt":{"rendered":"","protected":false},"author":1,"featured_media":0,"parent":8010,"menu_order":13,"comment_status":"closed","ping_status":"closed","template":"template\/tarif-horaires.php","meta":{"_acf_changed":false,"footnotes":""},"wf_page_folders":[],"class_list":["post-385022","page","type-page","status-publish","hentry"],"acf":[],"yoast_head":"<!-- This site is optimized with the Yoast SEO plugin v27.4 - https:\/\/yoast.com\/product\/yoast-seo-wordpress\/ -->\n<title>Horaires et Tarifs de La Cit\u00e9 de la Mer \u00e0 Cherbourg (Normandie)<\/title>\n<meta name=\"description\" content=\"D\u00e9couvrez les horaires d&#039;ouvertures en fonction des saisons et les tarifs afin de planifier au mieux votre visite !\" \/>\n<meta name=\"robots\" content=\"index, follow, max-snippet:-1, max-image-preview:large, max-video-preview:-1\" \/>\n<link rel=\"canonical\" href=\"https:\/\/www.citedelamer.com\/de\/praktische-informationen\/oeffnungszeiten-preise\/\" \/>\n<meta property=\"og:locale\" content=\"de_DE\" \/>\n<meta property=\"og:type\" content=\"article\" \/>\n<meta property=\"og:title\" content=\"Horaires et Tarifs de La Cit\u00e9 de la Mer \u00e0 Cherbourg (Normandie)\" \/>\n<meta property=\"og:description\" content=\"D\u00e9couvrez les horaires d&#039;ouvertures en fonction des saisons et les tarifs afin de planifier au mieux votre visite !\" \/>\n<meta property=\"og:url\" content=\"https:\/\/www.citedelamer.com\/de\/praktische-informationen\/oeffnungszeiten-preise\/\" \/>\n<meta property=\"og:site_name\" content=\"La Cit\u00e9 de la Mer\" \/>\n<meta property=\"article:modified_time\" content=\"2026-03-27T09:20:11+00:00\" \/>\n<meta name=\"twitter:card\" content=\"summary_large_image\" \/>\n<script type=\"application\/ld+json\" class=\"yoast-schema-graph\">{\"@context\":\"https:\\\/\\\/schema.org\",\"@graph\":[{\"@type\":\"WebPage\",\"@id\":\"https:\\\/\\\/www.citedelamer.com\\\/de\\\/praktische-informationen\\\/oeffnungszeiten-preise\\\/\",\"url\":\"https:\\\/\\\/www.citedelamer.com\\\/de\\\/praktische-informationen\\\/oeffnungszeiten-preise\\\/\",\"name\":\"Horaires et Tarifs de La Cit\u00e9 de la Mer \u00e0 Cherbourg (Normandie)\",\"isPartOf\":{\"@id\":\"https:\\\/\\\/www.citedelamer.com\\\/de\\\/#website\"},\"datePublished\":\"2023-12-26T16:40:45+00:00\",\"dateModified\":\"2026-03-27T09:20:11+00:00\",\"description\":\"D\u00e9couvrez les horaires d'ouvertures en fonction des saisons et les tarifs afin de planifier au mieux votre visite !\",\"breadcrumb\":{\"@id\":\"https:\\\/\\\/www.citedelamer.com\\\/de\\\/praktische-informationen\\\/oeffnungszeiten-preise\\\/#breadcrumb\"},\"inLanguage\":\"de\",\"potentialAction\":[{\"@type\":\"ReadAction\",\"target\":[\"https:\\\/\\\/www.citedelamer.com\\\/de\\\/praktische-informationen\\\/oeffnungszeiten-preise\\\/\"]}]},{\"@type\":\"BreadcrumbList\",\"@id\":\"https:\\\/\\\/www.citedelamer.com\\\/de\\\/praktische-informationen\\\/oeffnungszeiten-preise\\\/#breadcrumb\",\"itemListElement\":[{\"@type\":\"ListItem\",\"position\":1,\"name\":\"La Cit\u00e9 de la Mer\",\"item\":\"https:\\\/\\\/www.citedelamer.com\\\/de\\\/\"},{\"@type\":\"ListItem\",\"position\":2,\"name\":\"Praktische Informationen\",\"item\":\"https:\\\/\\\/www.citedelamer.com\\\/informations-pratiques\\\/\"},{\"@type\":\"ListItem\",\"position\":3,\"name\":\"\u00d6ffnungszeiten und preise\"}]},{\"@type\":\"WebSite\",\"@id\":\"https:\\\/\\\/www.citedelamer.com\\\/de\\\/#website\",\"url\":\"https:\\\/\\\/www.citedelamer.com\\\/de\\\/\",\"name\":\"La Cit\u00e9 de la Mer\",\"description\":\"Site officiel La Cit\u00e9 de la Mer, Cherbourg, Normandie\",\"potentialAction\":[{\"@type\":\"SearchAction\",\"target\":{\"@type\":\"EntryPoint\",\"urlTemplate\":\"https:\\\/\\\/www.citedelamer.com\\\/de\\\/?s={search_term_string}\"},\"query-input\":{\"@type\":\"PropertyValueSpecification\",\"valueRequired\":true,\"valueName\":\"search_term_string\"}}],\"inLanguage\":\"de\"}]}<\/script>\n<!-- \/ Yoast SEO plugin. -->","yoast_head_json":{"title":"Horaires et Tarifs de La Cit\u00e9 de la Mer \u00e0 Cherbourg (Normandie)","description":"D\u00e9couvrez les horaires d'ouvertures en fonction des saisons et les tarifs afin de planifier au mieux votre visite !","robots":{"index":"index","follow":"follow","max-snippet":"max-snippet:-1","max-image-preview":"max-image-preview:large","max-video-preview":"max-video-preview:-1"},"canonical":"https:\/\/www.citedelamer.com\/de\/praktische-informationen\/oeffnungszeiten-preise\/","og_locale":"de_DE","og_type":"article","og_title":"Horaires et Tarifs de La Cit\u00e9 de la Mer \u00e0 Cherbourg (Normandie)","og_description":"D\u00e9couvrez les horaires d'ouvertures en fonction des saisons et les tarifs afin de planifier au mieux votre visite !","og_url":"https:\/\/www.citedelamer.com\/de\/praktische-informationen\/oeffnungszeiten-preise\/","og_site_name":"La Cit\u00e9 de la Mer","article_modified_time":"2026-03-27T09:20:11+00:00","twitter_card":"summary_large_image","schema":{"@context":"https:\/\/schema.org","@graph":[{"@type":"WebPage","@id":"https:\/\/www.citedelamer.com\/de\/praktische-informationen\/oeffnungszeiten-preise\/","url":"https:\/\/www.citedelamer.com\/de\/praktische-informationen\/oeffnungszeiten-preise\/","name":"Horaires et Tarifs de La Cit\u00e9 de la Mer \u00e0 Cherbourg (Normandie)","isPartOf":{"@id":"https:\/\/www.citedelamer.com\/de\/#website"},"datePublished":"2023-12-26T16:40:45+00:00","dateModified":"2026-03-27T09:20:11+00:00","description":"D\u00e9couvrez les horaires d'ouvertures en fonction des saisons et les tarifs afin de planifier au mieux votre visite !","breadcrumb":{"@id":"https:\/\/www.citedelamer.com\/de\/praktische-informationen\/oeffnungszeiten-preise\/#breadcrumb"},"inLanguage":"de","potentialAction":[{"@type":"ReadAction","target":["https:\/\/www.citedelamer.com\/de\/praktische-informationen\/oeffnungszeiten-preise\/"]}]},{"@type":"BreadcrumbList","@id":"https:\/\/www.citedelamer.com\/de\/praktische-informationen\/oeffnungszeiten-preise\/#breadcrumb","itemListElement":[{"@type":"ListItem","position":1,"name":"La Cit\u00e9 de la Mer","item":"https:\/\/www.citedelamer.com\/de\/"},{"@type":"ListItem","position":2,"name":"Praktische Informationen","item":"https:\/\/www.citedelamer.com\/informations-pratiques\/"},{"@type":"ListItem","position":3,"name":"\u00d6ffnungszeiten und preise"}]},{"@type":"WebSite","@id":"https:\/\/www.citedelamer.com\/de\/#website","url":"https:\/\/www.citedelamer.com\/de\/","name":"La Cit\u00e9 de la Mer","description":"Site officiel La Cit\u00e9 de la Mer, Cherbourg, Normandie","potentialAction":[{"@type":"SearchAction","target":{"@type":"EntryPoint","urlTemplate":"https:\/\/www.citedelamer.com\/de\/?s={search_term_string}"},"query-input":{"@type":"PropertyValueSpecification","valueRequired":true,"valueName":"search_term_string"}}],"inLanguage":"de"}]}},"_links":{"self":[{"href":"https:\/\/www.citedelamer.com\/de\/wp-json\/wp\/v2\/pages\/385022\/"}],"collection":[{"href":"https:\/\/www.citedelamer.com\/de\/wp-json\/wp\/v2\/pages\/"}],"about":[{"href":"https:\/\/www.citedelamer.com\/de\/wp-json\/wp\/v2\/types\/page\/"}],"author":[{"embeddable":true,"href":"https:\/\/www.citedelamer.com\/de\/wp-json\/wp\/v2\/users\/1\/"}],"replies":[{"embeddable":true,"href":"https:\/\/www.citedelamer.com\/de\/wp-json\/wp\/v2\/comments\/?post=385022"}],"version-history":[{"count":10,"href":"https:\/\/www.citedelamer.com\/de\/wp-json\/wp\/v2\/pages\/385022\/revisions\/"}],"predecessor-version":[{"id":434851,"href":"https:\/\/www.citedelamer.com\/de\/wp-json\/wp\/v2\/pages\/385022\/revisions\/434851\/"}],"up":[{"embeddable":true,"href":"https:\/\/www.citedelamer.com\/de\/wp-json\/wp\/v2\/pages\/8010\/"}],"wp:attachment":[{"href":"https:\/\/www.citedelamer.com\/de\/wp-json\/wp\/v2\/media\/?parent=385022"}],"wp:term":[{"taxonomy":"wf_page_folders","embeddable":true,"href":"https:\/\/www.citedelamer.com\/de\/wp-json\/wp\/v2\/wf_page_folders\/?post=385022"}],"curies":[{"name":"wp","href":"https:\/\/api.w.org\/{rel}","templated":true}]}}