{"id":401069,"date":"2025-02-27T13:03:34","date_gmt":"2025-02-27T12:03:34","guid":{"rendered":"https:\/\/www.citedelamer.com\/?page_id=401069"},"modified":"2025-05-15T14:58:06","modified_gmt":"2025-05-15T12:58:06","slug":"raume-cite-mer","status":"publish","type":"page","link":"https:\/\/www.citedelamer.com\/de\/die-bereiche-der-cite-de-la-mer\/","title":{"rendered":"Die Bereiche der Cit\u00e9 de la Mer"},"content":{"rendered":"","protected":false},"excerpt":{"rendered":"","protected":false},"author":1,"featured_media":0,"parent":0,"menu_order":0,"comment_status":"closed","ping_status":"closed","template":"","meta":{"_acf_changed":false,"footnotes":""},"wf_page_folders":[],"class_list":["post-401069","page","type-page","status-publish","hentry"],"acf":[],"yoast_head":"<!-- This site is optimized with the Yoast SEO plugin v27.3 - https:\/\/yoast.com\/product\/yoast-seo-wordpress\/ -->\n<title>Aquarium &amp; andere Aktivit\u00e4ten im Meeresmuseum La Cit\u00e9 de la Mer<\/title>\n<meta name=\"description\" content=\"Entdecken Sie die verschiedenen Aktivit\u00e4ten, die in La Cit\u00e9 de la Mer angeboten werden, von Aquarien bis hin zum gr\u00f6\u00dften besuchbaren U-Boot der Welt: Le Redoutable!\" \/>\n<meta name=\"robots\" content=\"index, follow, max-snippet:-1, max-image-preview:large, max-video-preview:-1\" \/>\n<link rel=\"canonical\" href=\"https:\/\/www.citedelamer.com\/de\/die-bereiche-der-cite-de-la-mer\/\" \/>\n<meta property=\"og:locale\" content=\"de_DE\" \/>\n<meta property=\"og:type\" content=\"article\" \/>\n<meta property=\"og:title\" content=\"Aquarium &amp; andere Aktivit\u00e4ten im Meeresmuseum La Cit\u00e9 de la Mer\" \/>\n<meta property=\"og:description\" content=\"Entdecken Sie die verschiedenen Aktivit\u00e4ten, die in La Cit\u00e9 de la Mer angeboten werden, von Aquarien bis hin zum gr\u00f6\u00dften besuchbaren U-Boot der Welt: Le Redoutable!\" \/>\n<meta property=\"og:url\" content=\"https:\/\/www.citedelamer.com\/de\/die-bereiche-der-cite-de-la-mer\/\" \/>\n<meta property=\"og:site_name\" content=\"La Cit\u00e9 de la Mer\" \/>\n<meta property=\"article:modified_time\" content=\"2025-05-15T12:58:06+00:00\" \/>\n<meta name=\"twitter:card\" content=\"summary_large_image\" \/>\n<script type=\"application\/ld+json\" class=\"yoast-schema-graph\">{\"@context\":\"https:\\\/\\\/schema.org\",\"@graph\":[{\"@type\":\"WebPage\",\"@id\":\"https:\\\/\\\/www.citedelamer.com\\\/de\\\/die-bereiche-der-cite-de-la-mer\\\/\",\"url\":\"https:\\\/\\\/www.citedelamer.com\\\/de\\\/die-bereiche-der-cite-de-la-mer\\\/\",\"name\":\"Aquarium & andere Aktivit\u00e4ten im Meeresmuseum La Cit\u00e9 de la Mer\",\"isPartOf\":{\"@id\":\"https:\\\/\\\/www.citedelamer.com\\\/de\\\/#website\"},\"datePublished\":\"2025-02-27T12:03:34+00:00\",\"dateModified\":\"2025-05-15T12:58:06+00:00\",\"description\":\"Entdecken Sie die verschiedenen Aktivit\u00e4ten, die in La Cit\u00e9 de la Mer angeboten werden, von Aquarien bis hin zum gr\u00f6\u00dften besuchbaren U-Boot der Welt: Le Redoutable!\",\"breadcrumb\":{\"@id\":\"https:\\\/\\\/www.citedelamer.com\\\/de\\\/die-bereiche-der-cite-de-la-mer\\\/#breadcrumb\"},\"inLanguage\":\"de\",\"potentialAction\":[{\"@type\":\"ReadAction\",\"target\":[\"https:\\\/\\\/www.citedelamer.com\\\/de\\\/die-bereiche-der-cite-de-la-mer\\\/\"]}]},{\"@type\":\"BreadcrumbList\",\"@id\":\"https:\\\/\\\/www.citedelamer.com\\\/de\\\/die-bereiche-der-cite-de-la-mer\\\/#breadcrumb\",\"itemListElement\":[{\"@type\":\"ListItem\",\"position\":1,\"name\":\"La Cit\u00e9 de la Mer\",\"item\":\"https:\\\/\\\/www.citedelamer.com\\\/de\\\/\"},{\"@type\":\"ListItem\",\"position\":2,\"name\":\"Die Bereiche der Cit\u00e9 de la Mer\"}]},{\"@type\":\"WebSite\",\"@id\":\"https:\\\/\\\/www.citedelamer.com\\\/de\\\/#website\",\"url\":\"https:\\\/\\\/www.citedelamer.com\\\/de\\\/\",\"name\":\"La Cit\u00e9 de la Mer\",\"description\":\"Site officiel La Cit\u00e9 de la Mer, Cherbourg, Normandie\",\"potentialAction\":[{\"@type\":\"SearchAction\",\"target\":{\"@type\":\"EntryPoint\",\"urlTemplate\":\"https:\\\/\\\/www.citedelamer.com\\\/de\\\/?s={search_term_string}\"},\"query-input\":{\"@type\":\"PropertyValueSpecification\",\"valueRequired\":true,\"valueName\":\"search_term_string\"}}],\"inLanguage\":\"de\"}]}<\/script>\n<!-- \/ Yoast SEO plugin. -->","yoast_head_json":{"title":"Aquarium & andere Aktivit\u00e4ten im Meeresmuseum La Cit\u00e9 de la Mer","description":"Entdecken Sie die verschiedenen Aktivit\u00e4ten, die in La Cit\u00e9 de la Mer angeboten werden, von Aquarien bis hin zum gr\u00f6\u00dften besuchbaren U-Boot der Welt: Le Redoutable!","robots":{"index":"index","follow":"follow","max-snippet":"max-snippet:-1","max-image-preview":"max-image-preview:large","max-video-preview":"max-video-preview:-1"},"canonical":"https:\/\/www.citedelamer.com\/de\/die-bereiche-der-cite-de-la-mer\/","og_locale":"de_DE","og_type":"article","og_title":"Aquarium & andere Aktivit\u00e4ten im Meeresmuseum La Cit\u00e9 de la Mer","og_description":"Entdecken Sie die verschiedenen Aktivit\u00e4ten, die in La Cit\u00e9 de la Mer angeboten werden, von Aquarien bis hin zum gr\u00f6\u00dften besuchbaren U-Boot der Welt: Le Redoutable!","og_url":"https:\/\/www.citedelamer.com\/de\/die-bereiche-der-cite-de-la-mer\/","og_site_name":"La Cit\u00e9 de la Mer","article_modified_time":"2025-05-15T12:58:06+00:00","twitter_card":"summary_large_image","schema":{"@context":"https:\/\/schema.org","@graph":[{"@type":"WebPage","@id":"https:\/\/www.citedelamer.com\/de\/die-bereiche-der-cite-de-la-mer\/","url":"https:\/\/www.citedelamer.com\/de\/die-bereiche-der-cite-de-la-mer\/","name":"Aquarium & andere Aktivit\u00e4ten im Meeresmuseum La Cit\u00e9 de la Mer","isPartOf":{"@id":"https:\/\/www.citedelamer.com\/de\/#website"},"datePublished":"2025-02-27T12:03:34+00:00","dateModified":"2025-05-15T12:58:06+00:00","description":"Entdecken Sie die verschiedenen Aktivit\u00e4ten, die in La Cit\u00e9 de la Mer angeboten werden, von Aquarien bis hin zum gr\u00f6\u00dften besuchbaren U-Boot der Welt: Le Redoutable!","breadcrumb":{"@id":"https:\/\/www.citedelamer.com\/de\/die-bereiche-der-cite-de-la-mer\/#breadcrumb"},"inLanguage":"de","potentialAction":[{"@type":"ReadAction","target":["https:\/\/www.citedelamer.com\/de\/die-bereiche-der-cite-de-la-mer\/"]}]},{"@type":"BreadcrumbList","@id":"https:\/\/www.citedelamer.com\/de\/die-bereiche-der-cite-de-la-mer\/#breadcrumb","itemListElement":[{"@type":"ListItem","position":1,"name":"La Cit\u00e9 de la Mer","item":"https:\/\/www.citedelamer.com\/de\/"},{"@type":"ListItem","position":2,"name":"Die Bereiche der Cit\u00e9 de la Mer"}]},{"@type":"WebSite","@id":"https:\/\/www.citedelamer.com\/de\/#website","url":"https:\/\/www.citedelamer.com\/de\/","name":"La Cit\u00e9 de la Mer","description":"Site officiel La Cit\u00e9 de la Mer, Cherbourg, Normandie","potentialAction":[{"@type":"SearchAction","target":{"@type":"EntryPoint","urlTemplate":"https:\/\/www.citedelamer.com\/de\/?s={search_term_string}"},"query-input":{"@type":"PropertyValueSpecification","valueRequired":true,"valueName":"search_term_string"}}],"inLanguage":"de"}]}},"_links":{"self":[{"href":"https:\/\/www.citedelamer.com\/de\/wp-json\/wp\/v2\/pages\/401069\/"}],"collection":[{"href":"https:\/\/www.citedelamer.com\/de\/wp-json\/wp\/v2\/pages\/"}],"about":[{"href":"https:\/\/www.citedelamer.com\/de\/wp-json\/wp\/v2\/types\/page\/"}],"author":[{"embeddable":true,"href":"https:\/\/www.citedelamer.com\/de\/wp-json\/wp\/v2\/users\/1\/"}],"replies":[{"embeddable":true,"href":"https:\/\/www.citedelamer.com\/de\/wp-json\/wp\/v2\/comments\/?post=401069"}],"version-history":[{"count":5,"href":"https:\/\/www.citedelamer.com\/de\/wp-json\/wp\/v2\/pages\/401069\/revisions\/"}],"predecessor-version":[{"id":421145,"href":"https:\/\/www.citedelamer.com\/de\/wp-json\/wp\/v2\/pages\/401069\/revisions\/421145\/"}],"wp:attachment":[{"href":"https:\/\/www.citedelamer.com\/de\/wp-json\/wp\/v2\/media\/?parent=401069"}],"wp:term":[{"taxonomy":"wf_page_folders","embeddable":true,"href":"https:\/\/www.citedelamer.com\/de\/wp-json\/wp\/v2\/wf_page_folders\/?post=401069"}],"curies":[{"name":"wp","href":"https:\/\/api.w.org\/{rel}","templated":true}]}}