{"id":346820,"date":"2021-02-03T17:28:58","date_gmt":"2021-02-03T16:28:58","guid":{"rendered":"https:\/\/www.citedelamer.com\/?page_id=346820"},"modified":"2023-11-17T14:26:10","modified_gmt":"2023-11-17T13:26:10","slug":"film-screening","status":"publish","type":"page","link":"https:\/\/www.citedelamer.com\/en\/film-screening\/","title":{"rendered":"Film screening"},"content":{"rendered":"","protected":false},"excerpt":{"rendered":"","protected":false},"author":1,"featured_media":0,"parent":0,"menu_order":15,"comment_status":"closed","ping_status":"closed","template":"template\/espace-detail-three.php","meta":{"_acf_changed":false,"footnotes":""},"wf_page_folders":[],"class_list":["post-346820","page","type-page","status-publish","hentry"],"acf":[],"yoast_head":"<!-- This site is optimized with the Yoast SEO plugin v27.4 - https:\/\/yoast.com\/product\/yoast-seo-wordpress\/ -->\n<title>Exposition Titanic, visitez le Titanic \u00e0 Cherbourg - La Cit\u00e9 de la Mer<\/title>\n<meta name=\"description\" content=\"En 1912, le Titanic fait escale \u00e0 Cherbourg. Retrouvez aujourd&#039;hui une exposition \u00e0 La Cit\u00e9 de la Mer de plus de 2500m\u00b2 d\u00e9di\u00e9 \u00e0 ce g\u00e9ant des mers d&#039;autrefois.\" \/>\n<meta name=\"robots\" content=\"index, follow, max-snippet:-1, max-image-preview:large, max-video-preview:-1\" \/>\n<link rel=\"canonical\" href=\"https:\/\/www.citedelamer.com\/en\/film-screening\/\" \/>\n<meta property=\"og:locale\" content=\"en_US\" \/>\n<meta property=\"og:type\" content=\"article\" \/>\n<meta property=\"og:title\" content=\"Exposition Titanic, visitez le Titanic \u00e0 Cherbourg - La Cit\u00e9 de la Mer\" \/>\n<meta property=\"og:description\" content=\"En 1912, le Titanic fait escale \u00e0 Cherbourg. Retrouvez aujourd&#039;hui une exposition \u00e0 La Cit\u00e9 de la Mer de plus de 2500m\u00b2 d\u00e9di\u00e9 \u00e0 ce g\u00e9ant des mers d&#039;autrefois.\" \/>\n<meta property=\"og:url\" content=\"https:\/\/www.citedelamer.com\/en\/film-screening\/\" \/>\n<meta property=\"og:site_name\" content=\"La Cit\u00e9 de la Mer\" \/>\n<meta property=\"article:modified_time\" content=\"2023-11-17T13:26:10+00:00\" \/>\n<meta name=\"twitter:card\" content=\"summary_large_image\" \/>\n<script type=\"application\/ld+json\" class=\"yoast-schema-graph\">{\"@context\":\"https:\\\/\\\/schema.org\",\"@graph\":[{\"@type\":\"WebPage\",\"@id\":\"https:\\\/\\\/www.citedelamer.com\\\/en\\\/film-screening\\\/\",\"url\":\"https:\\\/\\\/www.citedelamer.com\\\/en\\\/film-screening\\\/\",\"name\":\"Exposition Titanic, visitez le Titanic \u00e0 Cherbourg - La Cit\u00e9 de la Mer\",\"isPartOf\":{\"@id\":\"https:\\\/\\\/www.citedelamer.com\\\/en\\\/#website\"},\"datePublished\":\"2021-02-03T16:28:58+00:00\",\"dateModified\":\"2023-11-17T13:26:10+00:00\",\"description\":\"En 1912, le Titanic fait escale \u00e0 Cherbourg. Retrouvez aujourd'hui une exposition \u00e0 La Cit\u00e9 de la Mer de plus de 2500m\u00b2 d\u00e9di\u00e9 \u00e0 ce g\u00e9ant des mers d'autrefois.\",\"breadcrumb\":{\"@id\":\"https:\\\/\\\/www.citedelamer.com\\\/en\\\/film-screening\\\/#breadcrumb\"},\"inLanguage\":\"en-US\",\"potentialAction\":[{\"@type\":\"ReadAction\",\"target\":[\"https:\\\/\\\/www.citedelamer.com\\\/en\\\/film-screening\\\/\"]}]},{\"@type\":\"BreadcrumbList\",\"@id\":\"https:\\\/\\\/www.citedelamer.com\\\/en\\\/film-screening\\\/#breadcrumb\",\"itemListElement\":[{\"@type\":\"ListItem\",\"position\":1,\"name\":\"La Cit\u00e9 de la Mer\",\"item\":\"https:\\\/\\\/www.citedelamer.com\\\/en\\\/\"},{\"@type\":\"ListItem\",\"position\":2,\"name\":\"Film screening\"}]},{\"@type\":\"WebSite\",\"@id\":\"https:\\\/\\\/www.citedelamer.com\\\/en\\\/#website\",\"url\":\"https:\\\/\\\/www.citedelamer.com\\\/en\\\/\",\"name\":\"La Cit\u00e9 de la Mer\",\"description\":\"Site officiel La Cit\u00e9 de la Mer, Cherbourg, Normandie\",\"potentialAction\":[{\"@type\":\"SearchAction\",\"target\":{\"@type\":\"EntryPoint\",\"urlTemplate\":\"https:\\\/\\\/www.citedelamer.com\\\/en\\\/?s={search_term_string}\"},\"query-input\":{\"@type\":\"PropertyValueSpecification\",\"valueRequired\":true,\"valueName\":\"search_term_string\"}}],\"inLanguage\":\"en-US\"}]}<\/script>\n<!-- \/ Yoast SEO plugin. -->","yoast_head_json":{"title":"Exposition Titanic, visitez le Titanic \u00e0 Cherbourg - La Cit\u00e9 de la Mer","description":"En 1912, le Titanic fait escale \u00e0 Cherbourg. Retrouvez aujourd'hui une exposition \u00e0 La Cit\u00e9 de la Mer de plus de 2500m\u00b2 d\u00e9di\u00e9 \u00e0 ce g\u00e9ant des mers d'autrefois.","robots":{"index":"index","follow":"follow","max-snippet":"max-snippet:-1","max-image-preview":"max-image-preview:large","max-video-preview":"max-video-preview:-1"},"canonical":"https:\/\/www.citedelamer.com\/en\/film-screening\/","og_locale":"en_US","og_type":"article","og_title":"Exposition Titanic, visitez le Titanic \u00e0 Cherbourg - La Cit\u00e9 de la Mer","og_description":"En 1912, le Titanic fait escale \u00e0 Cherbourg. Retrouvez aujourd'hui une exposition \u00e0 La Cit\u00e9 de la Mer de plus de 2500m\u00b2 d\u00e9di\u00e9 \u00e0 ce g\u00e9ant des mers d'autrefois.","og_url":"https:\/\/www.citedelamer.com\/en\/film-screening\/","og_site_name":"La Cit\u00e9 de la Mer","article_modified_time":"2023-11-17T13:26:10+00:00","twitter_card":"summary_large_image","schema":{"@context":"https:\/\/schema.org","@graph":[{"@type":"WebPage","@id":"https:\/\/www.citedelamer.com\/en\/film-screening\/","url":"https:\/\/www.citedelamer.com\/en\/film-screening\/","name":"Exposition Titanic, visitez le Titanic \u00e0 Cherbourg - La Cit\u00e9 de la Mer","isPartOf":{"@id":"https:\/\/www.citedelamer.com\/en\/#website"},"datePublished":"2021-02-03T16:28:58+00:00","dateModified":"2023-11-17T13:26:10+00:00","description":"En 1912, le Titanic fait escale \u00e0 Cherbourg. Retrouvez aujourd'hui une exposition \u00e0 La Cit\u00e9 de la Mer de plus de 2500m\u00b2 d\u00e9di\u00e9 \u00e0 ce g\u00e9ant des mers d'autrefois.","breadcrumb":{"@id":"https:\/\/www.citedelamer.com\/en\/film-screening\/#breadcrumb"},"inLanguage":"en-US","potentialAction":[{"@type":"ReadAction","target":["https:\/\/www.citedelamer.com\/en\/film-screening\/"]}]},{"@type":"BreadcrumbList","@id":"https:\/\/www.citedelamer.com\/en\/film-screening\/#breadcrumb","itemListElement":[{"@type":"ListItem","position":1,"name":"La Cit\u00e9 de la Mer","item":"https:\/\/www.citedelamer.com\/en\/"},{"@type":"ListItem","position":2,"name":"Film screening"}]},{"@type":"WebSite","@id":"https:\/\/www.citedelamer.com\/en\/#website","url":"https:\/\/www.citedelamer.com\/en\/","name":"La Cit\u00e9 de la Mer","description":"Site officiel La Cit\u00e9 de la Mer, Cherbourg, Normandie","potentialAction":[{"@type":"SearchAction","target":{"@type":"EntryPoint","urlTemplate":"https:\/\/www.citedelamer.com\/en\/?s={search_term_string}"},"query-input":{"@type":"PropertyValueSpecification","valueRequired":true,"valueName":"search_term_string"}}],"inLanguage":"en-US"}]}},"_links":{"self":[{"href":"https:\/\/www.citedelamer.com\/en\/wp-json\/wp\/v2\/pages\/346820\/"}],"collection":[{"href":"https:\/\/www.citedelamer.com\/en\/wp-json\/wp\/v2\/pages\/"}],"about":[{"href":"https:\/\/www.citedelamer.com\/en\/wp-json\/wp\/v2\/types\/page\/"}],"author":[{"embeddable":true,"href":"https:\/\/www.citedelamer.com\/en\/wp-json\/wp\/v2\/users\/1\/"}],"replies":[{"embeddable":true,"href":"https:\/\/www.citedelamer.com\/en\/wp-json\/wp\/v2\/comments\/?post=346820"}],"version-history":[{"count":7,"href":"https:\/\/www.citedelamer.com\/en\/wp-json\/wp\/v2\/pages\/346820\/revisions\/"}],"predecessor-version":[{"id":384396,"href":"https:\/\/www.citedelamer.com\/en\/wp-json\/wp\/v2\/pages\/346820\/revisions\/384396\/"}],"wp:attachment":[{"href":"https:\/\/www.citedelamer.com\/en\/wp-json\/wp\/v2\/media\/?parent=346820"}],"wp:term":[{"taxonomy":"wf_page_folders","embeddable":true,"href":"https:\/\/www.citedelamer.com\/en\/wp-json\/wp\/v2\/wf_page_folders\/?post=346820"}],"curies":[{"name":"wp","href":"https:\/\/api.w.org\/{rel}","templated":true}]}}