{"id":385023,"date":"2023-12-26T17:35:54","date_gmt":"2023-12-26T16:35:54","guid":{"rendered":"https:\/\/www.citedelamer.com\/?page_id=385023"},"modified":"2026-03-27T10:19:24","modified_gmt":"2026-03-27T09:19:24","slug":"hours-rates","status":"publish","type":"page","link":"https:\/\/www.citedelamer.com\/en\/practical-information\/hours-rates\/","title":{"rendered":"Hours and rates"},"content":{"rendered":"","protected":false},"excerpt":{"rendered":"","protected":false},"author":1,"featured_media":0,"parent":6819,"menu_order":13,"comment_status":"closed","ping_status":"closed","template":"template\/tarif-horaires.php","meta":{"_acf_changed":false,"footnotes":""},"wf_page_folders":[],"class_list":["post-385023","page","type-page","status-publish","hentry"],"acf":[],"yoast_head":"<!-- This site is optimized with the Yoast SEO plugin v27.4 - https:\/\/yoast.com\/product\/yoast-seo-wordpress\/ -->\n<title>Horaires et Tarifs de La Cit\u00e9 de la Mer \u00e0 Cherbourg (Normandie)<\/title>\n<meta name=\"description\" content=\"D\u00e9couvrez les horaires d&#039;ouvertures en fonction des saisons et les tarifs afin de planifier au mieux votre visite !\" \/>\n<meta name=\"robots\" content=\"index, follow, max-snippet:-1, max-image-preview:large, max-video-preview:-1\" \/>\n<link rel=\"canonical\" href=\"https:\/\/www.citedelamer.com\/en\/practical-information\/hours-rates\/\" \/>\n<meta property=\"og:locale\" content=\"en_US\" \/>\n<meta property=\"og:type\" content=\"article\" \/>\n<meta property=\"og:title\" content=\"Horaires et Tarifs de La Cit\u00e9 de la Mer \u00e0 Cherbourg (Normandie)\" \/>\n<meta property=\"og:description\" content=\"D\u00e9couvrez les horaires d&#039;ouvertures en fonction des saisons et les tarifs afin de planifier au mieux votre visite !\" \/>\n<meta property=\"og:url\" content=\"https:\/\/www.citedelamer.com\/en\/practical-information\/hours-rates\/\" \/>\n<meta property=\"og:site_name\" content=\"La Cit\u00e9 de la Mer\" \/>\n<meta property=\"article:modified_time\" content=\"2026-03-27T09:19:24+00:00\" \/>\n<meta name=\"twitter:card\" content=\"summary_large_image\" \/>\n<script type=\"application\/ld+json\" class=\"yoast-schema-graph\">{\"@context\":\"https:\\\/\\\/schema.org\",\"@graph\":[{\"@type\":\"WebPage\",\"@id\":\"https:\\\/\\\/www.citedelamer.com\\\/en\\\/practical-information\\\/hours-rates\\\/\",\"url\":\"https:\\\/\\\/www.citedelamer.com\\\/en\\\/practical-information\\\/hours-rates\\\/\",\"name\":\"Horaires et Tarifs de La Cit\u00e9 de la Mer \u00e0 Cherbourg (Normandie)\",\"isPartOf\":{\"@id\":\"https:\\\/\\\/www.citedelamer.com\\\/en\\\/#website\"},\"datePublished\":\"2023-12-26T16:35:54+00:00\",\"dateModified\":\"2026-03-27T09:19:24+00:00\",\"description\":\"D\u00e9couvrez les horaires d'ouvertures en fonction des saisons et les tarifs afin de planifier au mieux votre visite !\",\"breadcrumb\":{\"@id\":\"https:\\\/\\\/www.citedelamer.com\\\/en\\\/practical-information\\\/hours-rates\\\/#breadcrumb\"},\"inLanguage\":\"en-US\",\"potentialAction\":[{\"@type\":\"ReadAction\",\"target\":[\"https:\\\/\\\/www.citedelamer.com\\\/en\\\/practical-information\\\/hours-rates\\\/\"]}]},{\"@type\":\"BreadcrumbList\",\"@id\":\"https:\\\/\\\/www.citedelamer.com\\\/en\\\/practical-information\\\/hours-rates\\\/#breadcrumb\",\"itemListElement\":[{\"@type\":\"ListItem\",\"position\":1,\"name\":\"La Cit\u00e9 de la Mer\",\"item\":\"https:\\\/\\\/www.citedelamer.com\\\/en\\\/\"},{\"@type\":\"ListItem\",\"position\":2,\"name\":\"Practical Information\",\"item\":\"https:\\\/\\\/www.citedelamer.com\\\/informations-pratiques\\\/\"},{\"@type\":\"ListItem\",\"position\":3,\"name\":\"Hours and rates\"}]},{\"@type\":\"WebSite\",\"@id\":\"https:\\\/\\\/www.citedelamer.com\\\/en\\\/#website\",\"url\":\"https:\\\/\\\/www.citedelamer.com\\\/en\\\/\",\"name\":\"La Cit\u00e9 de la Mer\",\"description\":\"Site officiel La Cit\u00e9 de la Mer, Cherbourg, Normandie\",\"potentialAction\":[{\"@type\":\"SearchAction\",\"target\":{\"@type\":\"EntryPoint\",\"urlTemplate\":\"https:\\\/\\\/www.citedelamer.com\\\/en\\\/?s={search_term_string}\"},\"query-input\":{\"@type\":\"PropertyValueSpecification\",\"valueRequired\":true,\"valueName\":\"search_term_string\"}}],\"inLanguage\":\"en-US\"}]}<\/script>\n<!-- \/ Yoast SEO plugin. -->","yoast_head_json":{"title":"Horaires et Tarifs de La Cit\u00e9 de la Mer \u00e0 Cherbourg (Normandie)","description":"D\u00e9couvrez les horaires d'ouvertures en fonction des saisons et les tarifs afin de planifier au mieux votre visite !","robots":{"index":"index","follow":"follow","max-snippet":"max-snippet:-1","max-image-preview":"max-image-preview:large","max-video-preview":"max-video-preview:-1"},"canonical":"https:\/\/www.citedelamer.com\/en\/practical-information\/hours-rates\/","og_locale":"en_US","og_type":"article","og_title":"Horaires et Tarifs de La Cit\u00e9 de la Mer \u00e0 Cherbourg (Normandie)","og_description":"D\u00e9couvrez les horaires d'ouvertures en fonction des saisons et les tarifs afin de planifier au mieux votre visite !","og_url":"https:\/\/www.citedelamer.com\/en\/practical-information\/hours-rates\/","og_site_name":"La Cit\u00e9 de la Mer","article_modified_time":"2026-03-27T09:19:24+00:00","twitter_card":"summary_large_image","schema":{"@context":"https:\/\/schema.org","@graph":[{"@type":"WebPage","@id":"https:\/\/www.citedelamer.com\/en\/practical-information\/hours-rates\/","url":"https:\/\/www.citedelamer.com\/en\/practical-information\/hours-rates\/","name":"Horaires et Tarifs de La Cit\u00e9 de la Mer \u00e0 Cherbourg (Normandie)","isPartOf":{"@id":"https:\/\/www.citedelamer.com\/en\/#website"},"datePublished":"2023-12-26T16:35:54+00:00","dateModified":"2026-03-27T09:19:24+00:00","description":"D\u00e9couvrez les horaires d'ouvertures en fonction des saisons et les tarifs afin de planifier au mieux votre visite !","breadcrumb":{"@id":"https:\/\/www.citedelamer.com\/en\/practical-information\/hours-rates\/#breadcrumb"},"inLanguage":"en-US","potentialAction":[{"@type":"ReadAction","target":["https:\/\/www.citedelamer.com\/en\/practical-information\/hours-rates\/"]}]},{"@type":"BreadcrumbList","@id":"https:\/\/www.citedelamer.com\/en\/practical-information\/hours-rates\/#breadcrumb","itemListElement":[{"@type":"ListItem","position":1,"name":"La Cit\u00e9 de la Mer","item":"https:\/\/www.citedelamer.com\/en\/"},{"@type":"ListItem","position":2,"name":"Practical Information","item":"https:\/\/www.citedelamer.com\/informations-pratiques\/"},{"@type":"ListItem","position":3,"name":"Hours and rates"}]},{"@type":"WebSite","@id":"https:\/\/www.citedelamer.com\/en\/#website","url":"https:\/\/www.citedelamer.com\/en\/","name":"La Cit\u00e9 de la Mer","description":"Site officiel La Cit\u00e9 de la Mer, Cherbourg, Normandie","potentialAction":[{"@type":"SearchAction","target":{"@type":"EntryPoint","urlTemplate":"https:\/\/www.citedelamer.com\/en\/?s={search_term_string}"},"query-input":{"@type":"PropertyValueSpecification","valueRequired":true,"valueName":"search_term_string"}}],"inLanguage":"en-US"}]}},"_links":{"self":[{"href":"https:\/\/www.citedelamer.com\/en\/wp-json\/wp\/v2\/pages\/385023\/"}],"collection":[{"href":"https:\/\/www.citedelamer.com\/en\/wp-json\/wp\/v2\/pages\/"}],"about":[{"href":"https:\/\/www.citedelamer.com\/en\/wp-json\/wp\/v2\/types\/page\/"}],"author":[{"embeddable":true,"href":"https:\/\/www.citedelamer.com\/en\/wp-json\/wp\/v2\/users\/1\/"}],"replies":[{"embeddable":true,"href":"https:\/\/www.citedelamer.com\/en\/wp-json\/wp\/v2\/comments\/?post=385023"}],"version-history":[{"count":10,"href":"https:\/\/www.citedelamer.com\/en\/wp-json\/wp\/v2\/pages\/385023\/revisions\/"}],"predecessor-version":[{"id":434850,"href":"https:\/\/www.citedelamer.com\/en\/wp-json\/wp\/v2\/pages\/385023\/revisions\/434850\/"}],"up":[{"embeddable":true,"href":"https:\/\/www.citedelamer.com\/en\/wp-json\/wp\/v2\/pages\/6819\/"}],"wp:attachment":[{"href":"https:\/\/www.citedelamer.com\/en\/wp-json\/wp\/v2\/media\/?parent=385023"}],"wp:term":[{"taxonomy":"wf_page_folders","embeddable":true,"href":"https:\/\/www.citedelamer.com\/en\/wp-json\/wp\/v2\/wf_page_folders\/?post=385023"}],"curies":[{"name":"wp","href":"https:\/\/api.w.org\/{rel}","templated":true}]}}