{"id":385025,"date":"2023-12-26T17:37:58","date_gmt":"2023-12-26T16:37:58","guid":{"rendered":"https:\/\/www.citedelamer.com\/?page_id=385025"},"modified":"2026-03-27T10:21:51","modified_gmt":"2026-03-27T09:21:51","slug":"tarieven-openingstijden","status":"publish","type":"page","link":"https:\/\/www.citedelamer.com\/nl\/praktische-informatie\/tarieven-openingstijden\/","title":{"rendered":"Tarieven &#8211; openingstijden"},"content":{"rendered":"","protected":false},"excerpt":{"rendered":"","protected":false},"author":1,"featured_media":0,"parent":7048,"menu_order":13,"comment_status":"closed","ping_status":"closed","template":"template\/tarif-horaires.php","meta":{"_acf_changed":false,"footnotes":""},"wf_page_folders":[],"class_list":["post-385025","page","type-page","status-publish","hentry"],"acf":[],"yoast_head":"<!-- This site is optimized with the Yoast SEO plugin v27.3 - https:\/\/yoast.com\/product\/yoast-seo-wordpress\/ -->\n<title>Horaires et Tarifs de La Cit\u00e9 de la Mer \u00e0 Cherbourg (Normandie)<\/title>\n<meta name=\"description\" content=\"D\u00e9couvrez les horaires d&#039;ouvertures en fonction des saisons et les tarifs afin de planifier au mieux votre visite !\" \/>\n<meta name=\"robots\" content=\"index, follow, max-snippet:-1, max-image-preview:large, max-video-preview:-1\" \/>\n<link rel=\"canonical\" href=\"https:\/\/www.citedelamer.com\/nl\/praktische-informatie\/tarieven-openingstijden\/\" \/>\n<meta property=\"og:locale\" content=\"nl_NL\" \/>\n<meta property=\"og:type\" content=\"article\" \/>\n<meta property=\"og:title\" content=\"Horaires et Tarifs de La Cit\u00e9 de la Mer \u00e0 Cherbourg (Normandie)\" \/>\n<meta property=\"og:description\" content=\"D\u00e9couvrez les horaires d&#039;ouvertures en fonction des saisons et les tarifs afin de planifier au mieux votre visite !\" \/>\n<meta property=\"og:url\" content=\"https:\/\/www.citedelamer.com\/nl\/praktische-informatie\/tarieven-openingstijden\/\" \/>\n<meta property=\"og:site_name\" content=\"La Cit\u00e9 de la Mer\" \/>\n<meta property=\"article:modified_time\" content=\"2026-03-27T09:21:51+00:00\" \/>\n<meta name=\"twitter:card\" content=\"summary_large_image\" \/>\n<script type=\"application\/ld+json\" class=\"yoast-schema-graph\">{\"@context\":\"https:\\\/\\\/schema.org\",\"@graph\":[{\"@type\":\"WebPage\",\"@id\":\"https:\\\/\\\/www.citedelamer.com\\\/nl\\\/praktische-informatie\\\/tarieven-openingstijden\\\/\",\"url\":\"https:\\\/\\\/www.citedelamer.com\\\/nl\\\/praktische-informatie\\\/tarieven-openingstijden\\\/\",\"name\":\"Horaires et Tarifs de La Cit\u00e9 de la Mer \u00e0 Cherbourg (Normandie)\",\"isPartOf\":{\"@id\":\"https:\\\/\\\/www.citedelamer.com\\\/nl\\\/#website\"},\"datePublished\":\"2023-12-26T16:37:58+00:00\",\"dateModified\":\"2026-03-27T09:21:51+00:00\",\"description\":\"D\u00e9couvrez les horaires d'ouvertures en fonction des saisons et les tarifs afin de planifier au mieux votre visite !\",\"breadcrumb\":{\"@id\":\"https:\\\/\\\/www.citedelamer.com\\\/nl\\\/praktische-informatie\\\/tarieven-openingstijden\\\/#breadcrumb\"},\"inLanguage\":\"nl-NL\",\"potentialAction\":[{\"@type\":\"ReadAction\",\"target\":[\"https:\\\/\\\/www.citedelamer.com\\\/nl\\\/praktische-informatie\\\/tarieven-openingstijden\\\/\"]}]},{\"@type\":\"BreadcrumbList\",\"@id\":\"https:\\\/\\\/www.citedelamer.com\\\/nl\\\/praktische-informatie\\\/tarieven-openingstijden\\\/#breadcrumb\",\"itemListElement\":[{\"@type\":\"ListItem\",\"position\":1,\"name\":\"La Cit\u00e9 de la Mer\",\"item\":\"https:\\\/\\\/www.citedelamer.com\\\/nl\\\/\"},{\"@type\":\"ListItem\",\"position\":2,\"name\":\"Praktische informatie\",\"item\":\"https:\\\/\\\/www.citedelamer.com\\\/informations-pratiques\\\/\"},{\"@type\":\"ListItem\",\"position\":3,\"name\":\"Tarieven &#8211; openingstijden\"}]},{\"@type\":\"WebSite\",\"@id\":\"https:\\\/\\\/www.citedelamer.com\\\/nl\\\/#website\",\"url\":\"https:\\\/\\\/www.citedelamer.com\\\/nl\\\/\",\"name\":\"La Cit\u00e9 de la Mer\",\"description\":\"Site officiel La Cit\u00e9 de la Mer, Cherbourg, Normandie\",\"potentialAction\":[{\"@type\":\"SearchAction\",\"target\":{\"@type\":\"EntryPoint\",\"urlTemplate\":\"https:\\\/\\\/www.citedelamer.com\\\/nl\\\/?s={search_term_string}\"},\"query-input\":{\"@type\":\"PropertyValueSpecification\",\"valueRequired\":true,\"valueName\":\"search_term_string\"}}],\"inLanguage\":\"nl-NL\"}]}<\/script>\n<!-- \/ Yoast SEO plugin. -->","yoast_head_json":{"title":"Horaires et Tarifs de La Cit\u00e9 de la Mer \u00e0 Cherbourg (Normandie)","description":"D\u00e9couvrez les horaires d'ouvertures en fonction des saisons et les tarifs afin de planifier au mieux votre visite !","robots":{"index":"index","follow":"follow","max-snippet":"max-snippet:-1","max-image-preview":"max-image-preview:large","max-video-preview":"max-video-preview:-1"},"canonical":"https:\/\/www.citedelamer.com\/nl\/praktische-informatie\/tarieven-openingstijden\/","og_locale":"nl_NL","og_type":"article","og_title":"Horaires et Tarifs de La Cit\u00e9 de la Mer \u00e0 Cherbourg (Normandie)","og_description":"D\u00e9couvrez les horaires d'ouvertures en fonction des saisons et les tarifs afin de planifier au mieux votre visite !","og_url":"https:\/\/www.citedelamer.com\/nl\/praktische-informatie\/tarieven-openingstijden\/","og_site_name":"La Cit\u00e9 de la Mer","article_modified_time":"2026-03-27T09:21:51+00:00","twitter_card":"summary_large_image","schema":{"@context":"https:\/\/schema.org","@graph":[{"@type":"WebPage","@id":"https:\/\/www.citedelamer.com\/nl\/praktische-informatie\/tarieven-openingstijden\/","url":"https:\/\/www.citedelamer.com\/nl\/praktische-informatie\/tarieven-openingstijden\/","name":"Horaires et Tarifs de La Cit\u00e9 de la Mer \u00e0 Cherbourg (Normandie)","isPartOf":{"@id":"https:\/\/www.citedelamer.com\/nl\/#website"},"datePublished":"2023-12-26T16:37:58+00:00","dateModified":"2026-03-27T09:21:51+00:00","description":"D\u00e9couvrez les horaires d'ouvertures en fonction des saisons et les tarifs afin de planifier au mieux votre visite !","breadcrumb":{"@id":"https:\/\/www.citedelamer.com\/nl\/praktische-informatie\/tarieven-openingstijden\/#breadcrumb"},"inLanguage":"nl-NL","potentialAction":[{"@type":"ReadAction","target":["https:\/\/www.citedelamer.com\/nl\/praktische-informatie\/tarieven-openingstijden\/"]}]},{"@type":"BreadcrumbList","@id":"https:\/\/www.citedelamer.com\/nl\/praktische-informatie\/tarieven-openingstijden\/#breadcrumb","itemListElement":[{"@type":"ListItem","position":1,"name":"La Cit\u00e9 de la Mer","item":"https:\/\/www.citedelamer.com\/nl\/"},{"@type":"ListItem","position":2,"name":"Praktische informatie","item":"https:\/\/www.citedelamer.com\/informations-pratiques\/"},{"@type":"ListItem","position":3,"name":"Tarieven &#8211; openingstijden"}]},{"@type":"WebSite","@id":"https:\/\/www.citedelamer.com\/nl\/#website","url":"https:\/\/www.citedelamer.com\/nl\/","name":"La Cit\u00e9 de la Mer","description":"Site officiel La Cit\u00e9 de la Mer, Cherbourg, Normandie","potentialAction":[{"@type":"SearchAction","target":{"@type":"EntryPoint","urlTemplate":"https:\/\/www.citedelamer.com\/nl\/?s={search_term_string}"},"query-input":{"@type":"PropertyValueSpecification","valueRequired":true,"valueName":"search_term_string"}}],"inLanguage":"nl-NL"}]}},"_links":{"self":[{"href":"https:\/\/www.citedelamer.com\/nl\/wp-json\/wp\/v2\/pages\/385025\/"}],"collection":[{"href":"https:\/\/www.citedelamer.com\/nl\/wp-json\/wp\/v2\/pages\/"}],"about":[{"href":"https:\/\/www.citedelamer.com\/nl\/wp-json\/wp\/v2\/types\/page\/"}],"author":[{"embeddable":true,"href":"https:\/\/www.citedelamer.com\/nl\/wp-json\/wp\/v2\/users\/1\/"}],"replies":[{"embeddable":true,"href":"https:\/\/www.citedelamer.com\/nl\/wp-json\/wp\/v2\/comments\/?post=385025"}],"version-history":[{"count":10,"href":"https:\/\/www.citedelamer.com\/nl\/wp-json\/wp\/v2\/pages\/385025\/revisions\/"}],"predecessor-version":[{"id":434853,"href":"https:\/\/www.citedelamer.com\/nl\/wp-json\/wp\/v2\/pages\/385025\/revisions\/434853\/"}],"up":[{"embeddable":true,"href":"https:\/\/www.citedelamer.com\/nl\/wp-json\/wp\/v2\/pages\/7048\/"}],"wp:attachment":[{"href":"https:\/\/www.citedelamer.com\/nl\/wp-json\/wp\/v2\/media\/?parent=385025"}],"wp:term":[{"taxonomy":"wf_page_folders","embeddable":true,"href":"https:\/\/www.citedelamer.com\/nl\/wp-json\/wp\/v2\/wf_page_folders\/?post=385025"}],"curies":[{"name":"wp","href":"https:\/\/api.w.org\/{rel}","templated":true}]}}